{"id":146,"date":"2025-06-03T15:06:48","date_gmt":"2025-06-03T15:06:48","guid":{"rendered":"https:\/\/hungariancookingdish.com\/?page_id=146"},"modified":"2025-07-08T07:10:06","modified_gmt":"2025-07-08T07:10:06","slug":"how-to-use","status":"publish","type":"page","link":"https:\/\/hungariancookingdish.com\/de\/how-to-use\/","title":{"rendered":"So geht\u2019s"},"content":{"rendered":"<section class=\"bde-section-146-100 bde-section\">\n              \n  \n  \n\t\n\n  <div class=\"section-background-overlay\"><\/div>\n\n\n<div class=\"section-container\"><h1 class=\"bde-heading-146-101 bde-heading\">\nSo geht\u2019s\n<\/h1><div class=\"bde-div-146-102 bde-div\">\n  \n  \n\t\n\n\n\n<div class=\"bde-fancy-divider-146-103 bde-fancy-divider\">\n\n\n<div class=\"bde-fancy-divider__wrapper\">\n  <div class=\"bde-fancy-divider__separator\">\n  \t  <\/div>\n<\/div>\n\n<\/div><div class=\"bde-fancy-divider-146-104 bde-fancy-divider\">\n\n\n<div class=\"bde-fancy-divider__wrapper\">\n  <div class=\"bde-fancy-divider__separator\">\n  \t  <\/div>\n<\/div>\n\n<\/div><div class=\"bde-fancy-divider-146-105 bde-fancy-divider\">\n\n\n<div class=\"bde-fancy-divider__wrapper\">\n  <div class=\"bde-fancy-divider__separator\">\n  \t  <\/div>\n<\/div>\n\n<\/div>\n<\/div><\/div>\n<\/section><section class=\"bde-section-146-106 bde-section\">\n  \n  \n\t\n\n\n\n<div class=\"section-container\"><div class=\"bde-frequently-asked-questions-146-107 bde-frequently-asked-questions\">\n      <div class=\"bde-faq__item\">\n      <h3 class=\"bde-faq__title-tag\">\n       <button id=\"bde-faq-107-button-1\" aria-expanded=\"false\" aria-controls=\"bde-faq-107-1\" class=\"bde-faq__question js-faq-item\">\n          <span class=\"bde-faq__title\">Einbrennen (nur im Freien m\u00f6glich)<\/span>\n                           <div aria-hidden=\"true\" class=\"bde-faq__icon bde-faq__icon--inactive\">\n                                <svg xmlns=\"http:\/\/www.w3.org\/2000\/svg\" viewbox=\"0 0 32 32\">\r\n<path d=\"M31 12h-11v-11c0-0.552-0.448-1-1-1h-6c-0.552 0-1 0.448-1 1v11h-11c-0.552 0-1 0.448-1 1v6c0 0.552 0.448 1 1 1h11v11c0 0.552 0.448 1 1 1h6c0.552 0 1-0.448 1-1v-11h11c0.552 0 1-0.448 1-1v-6c0-0.552-0.448-1-1-1z\"\/>\r\n<\/svg>\n                            <\/div>\n         \t  <div aria-hidden=\"true\" class=\"bde-faq__icon bde-faq__icon--active\">\n                                <svg xmlns=\"http:\/\/www.w3.org\/2000\/svg\" viewbox=\"0 0 448 512\"><!-- Font Awesome Free 5.15.1 by @fontawesome - https:\/\/fontawesome.com License - https:\/\/fontawesome.com\/license\/free (Icons: CC BY 4.0, Fonts: SIL OFL 1.1, Code: MIT License) --><path d=\"M416 208H32c-17.67 0-32 14.33-32 32v32c0 17.67 14.33 32 32 32h384c17.67 0 32-14.33 32-32v-32c0-17.67-14.33-32-32-32z\"\/><\/svg>\n                            <\/div>\n                  <\/button>\n      <\/h3>\n      <div role=\"region\" aria-labelledby=\"bde-faq-107-button-1\" id=\"bde-faq-107-1\" class=\"bde-faq__answer\">\n        <div class=\"bde-faq__answer-content\">\n            <div class=\"breakdance-rich-text-styles\"><p style=\"font-weight: 400;\">Vor der ersten Verwendung MUSS der Hungarian Cooking Dish eingebrannt werden!<br \/>Das gilt f\u00fcr jedes neue Kochgeschirr. Ausnahme: wenn du einen bereits eingebrannten (dekorierten) Hungarian Cooking Dish gekauft hast.<br \/>Vor dem Einbrennen reinige nur das Innere mit Seifenwasser oder Sp\u00fclmittel. Nicht einweichen und kein Wasser in die Scharniere laufen lassen! Danach vollst\u00e4ndig trocknen!<br \/>Anschlie\u00dfend den Hungarian Cooking Dish innen und au\u00dfen gr\u00fcndlich mit Fett (Schmalz, \u00d6l oder Speck) einreiben.<br \/>Den ge\u00f6ffneten Hungarian Cooking Dish auf eine OFFENE Flamme stellen, damit das Feuer alle Teile gut erreicht.<br \/>Das Einbrennen ist abgeschlossen, wenn das Fett verbrennt und eine schwarze Schicht entsteht.<br \/>Diese schwarze Farbe ist eine nat\u00fcrliche Patina, die den Hungarian Cooking Dish sp\u00e4ter vor Rost sch\u00fctzt \u2013 sie ist keine Emaillebeschichtung!<br \/>Die Patina kann ungleichm\u00e4\u00dfig sein, sich abnutzen und muss gegebenenfalls bei Rostbildung erneut aufgefrischt werden.<br \/>\u00d6le deinen Hungarian Cooking Dish regelm\u00e4\u00dfig innen und au\u00dfen!<br \/><strong>EINBRENN-VIDEO: BALD VERF\u00dcGBAR MIT DEUTSCHEN UND ENGLISCHEN UNTERTITELN!<\/strong><\/p>\n<p><iframe loading=\"lazy\" title=\"A s\u00fct\u0151diszkosz beavat\u00e1sa\" width=\"500\" height=\"281\" src=\"https:\/\/www.youtube.com\/embed\/VaSt4qTkT3s?feature=oembed\" frameborder=\"0\" allow=\"accelerometer; autoplay; clipboard-write; encrypted-media; gyroscope; picture-in-picture; web-share\" referrerpolicy=\"strict-origin-when-cross-origin\" allowfullscreen><\/iframe><\/p><\/div>\n\n                    <\/div>\n      <\/div>\n    <\/div>\n      <div class=\"bde-faq__item\">\n      <h3 class=\"bde-faq__title-tag\">\n       <button id=\"bde-faq-107-button-2\" aria-expanded=\"false\" aria-controls=\"bde-faq-107-2\" class=\"bde-faq__question js-faq-item\">\n          <span class=\"bde-faq__title\">Vorbereitung der Zutaten<\/span>\n                           <div aria-hidden=\"true\" class=\"bde-faq__icon bde-faq__icon--inactive\">\n                                <svg xmlns=\"http:\/\/www.w3.org\/2000\/svg\" viewbox=\"0 0 32 32\">\r\n<path d=\"M31 12h-11v-11c0-0.552-0.448-1-1-1h-6c-0.552 0-1 0.448-1 1v11h-11c-0.552 0-1 0.448-1 1v6c0 0.552 0.448 1 1 1h11v11c0 0.552 0.448 1 1 1h6c0.552 0 1-0.448 1-1v-11h11c0.552 0 1-0.448 1-1v-6c0-0.552-0.448-1-1-1z\"\/>\r\n<\/svg>\n                            <\/div>\n         \t  <div aria-hidden=\"true\" class=\"bde-faq__icon bde-faq__icon--active\">\n                                <svg xmlns=\"http:\/\/www.w3.org\/2000\/svg\" viewbox=\"0 0 448 512\"><!-- Font Awesome Free 5.15.1 by @fontawesome - https:\/\/fontawesome.com License - https:\/\/fontawesome.com\/license\/free (Icons: CC BY 4.0, Fonts: SIL OFL 1.1, Code: MIT License) --><path d=\"M416 208H32c-17.67 0-32 14.33-32 32v32c0 17.67 14.33 32 32 32h384c17.67 0 32-14.33 32-32v-32c0-17.67-14.33-32-32-32z\"\/><\/svg>\n                            <\/div>\n                  <\/button>\n      <\/h3>\n      <div role=\"region\" aria-labelledby=\"bde-faq-107-button-2\" id=\"bde-faq-107-2\" class=\"bde-faq__answer\">\n        <div class=\"bde-faq__answer-content\">\n            <div class=\"breakdance-rich-text-styles\"><p style=\"font-weight: 400;\">Es wird empfohlen, den Boden des Hungarian Cooking Dish mit Alufolie oder Backpapier auszulegen.<br \/>F\u00fclle den eingebrannten Hungarian Cooking Dish schichtweise mit Gem\u00fcse wie Paprika, Tomaten, Kartoffeln, Zucchini, Auberginen, Pilzen, Zwiebeln usw.<br \/>F\u00fcge Fett (\u00d6l, Butter, Speck) und eine Fleischsorte hinzu: H\u00e4hnchen, Fisch, Pute, Schweinekoteletts oder vorgegarte\/vorgew\u00fcrzte Schweinshaxe.<br \/>Du kannst den Hungarian Cooking Dish auch d\u00fcnn mit Speck auslegen und das Gem\u00fcse darauf schichten.<br \/>W\u00fcrze und salze nach Geschmack (z. B. mit Basilikum, Pfeffer, Oregano, Rosmarin, Thymian \u2013 passend zu deinem Gericht).<br \/>Weitere Rezepte findest du im Men\u00fcpunkt \"REZEPTE\" auf unserer Website.<\/p><\/div>\n\n                    <\/div>\n      <\/div>\n    <\/div>\n      <div class=\"bde-faq__item\">\n      <h3 class=\"bde-faq__title-tag\">\n       <button id=\"bde-faq-107-button-3\" aria-expanded=\"false\" aria-controls=\"bde-faq-107-3\" class=\"bde-faq__question js-faq-item\">\n          <span class=\"bde-faq__title\">Backen<\/span>\n                           <div aria-hidden=\"true\" class=\"bde-faq__icon bde-faq__icon--inactive\">\n                                <svg xmlns=\"http:\/\/www.w3.org\/2000\/svg\" viewbox=\"0 0 32 32\">\r\n<path d=\"M31 12h-11v-11c0-0.552-0.448-1-1-1h-6c-0.552 0-1 0.448-1 1v11h-11c-0.552 0-1 0.448-1 1v6c0 0.552 0.448 1 1 1h11v11c0 0.552 0.448 1 1 1h6c0.552 0 1-0.448 1-1v-11h11c0.552 0 1-0.448 1-1v-6c0-0.552-0.448-1-1-1z\"\/>\r\n<\/svg>\n                            <\/div>\n         \t  <div aria-hidden=\"true\" class=\"bde-faq__icon bde-faq__icon--active\">\n                                <svg xmlns=\"http:\/\/www.w3.org\/2000\/svg\" viewbox=\"0 0 448 512\"><!-- Font Awesome Free 5.15.1 by @fontawesome - https:\/\/fontawesome.com License - https:\/\/fontawesome.com\/license\/free (Icons: CC BY 4.0, Fonts: SIL OFL 1.1, Code: MIT License) --><path d=\"M416 208H32c-17.67 0-32 14.33-32 32v32c0 17.67 14.33 32 32 32h384c17.67 0 32-14.33 32-32v-32c0-17.67-14.33-32-32-32z\"\/><\/svg>\n                            <\/div>\n                  <\/button>\n      <\/h3>\n      <div role=\"region\" aria-labelledby=\"bde-faq-107-button-3\" id=\"bde-faq-107-3\" class=\"bde-faq__answer\">\n        <div class=\"bde-faq__answer-content\">\n            <div class=\"breakdance-rich-text-styles\"><p style=\"font-weight: 400;\">Stelle den geschlossenen Hungarian Cooking Dish auf die Glut.<br \/><strong>ACHTUNG!!!<\/strong> Verwende Glut und keine offene Flamme (sonst kann der Hungarian Cooking Dish anbrennen)!<br \/>Die Glut ist optimal, wenn du ein leises, gleichm\u00e4\u00dfiges Zischen aus dem Hungarian Cooking Dish h\u00f6rst.<br \/>Wenn du lautes Blubbern oder Kochen h\u00f6rst, ist die Glut noch zu hei\u00df \u2013 warte ein wenig oder entferne etwas Glut darunter.<br \/>Die Garzeit betr\u00e4gt etwa 1\u20131,5 Stunden.<br \/>Im Backofen: Stelle den geschlossenen Hungarian Cooking Dish in einen auf ca. 200\u00b0C vorgeheizten Ofen und lasse ihn 1\u20132 Stunden backen.<br \/>Das Ergebnis: ein ebenso einzigartiges und aromatisches Gericht!<\/p><\/div>\n\n                    <\/div>\n      <\/div>\n    <\/div>\n      <div class=\"bde-faq__item\">\n      <h3 class=\"bde-faq__title-tag\">\n       <button id=\"bde-faq-107-button-4\" aria-expanded=\"false\" aria-controls=\"bde-faq-107-4\" class=\"bde-faq__question js-faq-item\">\n          <span class=\"bde-faq__title\">Reinigung<\/span>\n                           <div aria-hidden=\"true\" class=\"bde-faq__icon bde-faq__icon--inactive\">\n                                <svg xmlns=\"http:\/\/www.w3.org\/2000\/svg\" viewbox=\"0 0 32 32\">\r\n<path d=\"M31 12h-11v-11c0-0.552-0.448-1-1-1h-6c-0.552 0-1 0.448-1 1v11h-11c-0.552 0-1 0.448-1 1v6c0 0.552 0.448 1 1 1h11v11c0 0.552 0.448 1 1 1h6c0.552 0 1-0.448 1-1v-11h11c0.552 0 1-0.448 1-1v-6c0-0.552-0.448-1-1-1z\"\/>\r\n<\/svg>\n                            <\/div>\n         \t  <div aria-hidden=\"true\" class=\"bde-faq__icon bde-faq__icon--active\">\n                                <svg xmlns=\"http:\/\/www.w3.org\/2000\/svg\" viewbox=\"0 0 448 512\"><!-- Font Awesome Free 5.15.1 by @fontawesome - https:\/\/fontawesome.com License - https:\/\/fontawesome.com\/license\/free (Icons: CC BY 4.0, Fonts: SIL OFL 1.1, Code: MIT License) --><path d=\"M416 208H32c-17.67 0-32 14.33-32 32v32c0 17.67 14.33 32 32 32h384c17.67 0 32-14.33 32-32v-32c0-17.67-14.33-32-32-32z\"\/><\/svg>\n                            <\/div>\n                  <\/button>\n      <\/h3>\n      <div role=\"region\" aria-labelledby=\"bde-faq-107-button-4\" id=\"bde-faq-107-4\" class=\"bde-faq__answer\">\n        <div class=\"bde-faq__answer-content\">\n            <div class=\"breakdance-rich-text-styles\"><p style=\"font-weight: 400;\">Entferne alle Speisereste aus dem Hungarian Cooking Dish.<br \/>Wische ihn gr\u00fcndlich trocken und sauber, \u00f6le ihn leicht ein und h\u00e4nge ihn ge\u00f6ffnet an einen luftigen Platz.<\/p><\/div>\n\n                    <\/div>\n      <\/div>\n    <\/div>\n      <div class=\"bde-faq__item\">\n      <h3 class=\"bde-faq__title-tag\">\n       <button id=\"bde-faq-107-button-5\" aria-expanded=\"false\" aria-controls=\"bde-faq-107-5\" class=\"bde-faq__question js-faq-item\">\n          <span class=\"bde-faq__title\">Sicherheitshinweise<\/span>\n                           <div aria-hidden=\"true\" class=\"bde-faq__icon bde-faq__icon--inactive\">\n                                <svg xmlns=\"http:\/\/www.w3.org\/2000\/svg\" viewbox=\"0 0 32 32\">\r\n<path d=\"M31 12h-11v-11c0-0.552-0.448-1-1-1h-6c-0.552 0-1 0.448-1 1v11h-11c-0.552 0-1 0.448-1 1v6c0 0.552 0.448 1 1 1h11v11c0 0.552 0.448 1 1 1h6c0.552 0 1-0.448 1-1v-11h11c0.552 0 1-0.448 1-1v-6c0-0.552-0.448-1-1-1z\"\/>\r\n<\/svg>\n                            <\/div>\n         \t  <div aria-hidden=\"true\" class=\"bde-faq__icon bde-faq__icon--active\">\n                                <svg xmlns=\"http:\/\/www.w3.org\/2000\/svg\" viewbox=\"0 0 448 512\"><!-- Font Awesome Free 5.15.1 by @fontawesome - https:\/\/fontawesome.com License - https:\/\/fontawesome.com\/license\/free (Icons: CC BY 4.0, Fonts: SIL OFL 1.1, Code: MIT License) --><path d=\"M416 208H32c-17.67 0-32 14.33-32 32v32c0 17.67 14.33 32 32 32h384c17.67 0 32-14.33 32-32v-32c0-17.67-14.33-32-32-32z\"\/><\/svg>\n                            <\/div>\n                  <\/button>\n      <\/h3>\n      <div role=\"region\" aria-labelledby=\"bde-faq-107-button-5\" id=\"bde-faq-107-5\" class=\"bde-faq__answer\">\n        <div class=\"bde-faq__answer-content\">\n            <div class=\"breakdance-rich-text-styles\"><p style=\"font-weight: 400;\">Sei beim Gebrauch des Hungarian Cooking Dish vorsichtig!<br \/>Hei\u00dfer Dampf beim \u00d6ffnen oder die Glut k\u00f6nnen Verbrennungen verursachen.<br \/>Beuge dich beim Einbrennen nicht \u00fcber den Hungarian Cooking Dish, da das Fett Feuer fangen kann.<br \/>Halte kleine Kinder vom hei\u00dfen Hungarian Cooking Dish fern.<br \/>Beachte stets die allgemeinen Sicherheitsvorschriften beim Kochen und Backen.<\/p><\/div>\n\n                    <\/div>\n      <\/div>\n    <\/div>\n      <div class=\"bde-faq__item\">\n      <h3 class=\"bde-faq__title-tag\">\n       <button id=\"bde-faq-107-button-6\" aria-expanded=\"false\" aria-controls=\"bde-faq-107-6\" class=\"bde-faq__question js-faq-item\">\n          <span class=\"bde-faq__title\">Allergene Stoffe<\/span>\n                           <div aria-hidden=\"true\" class=\"bde-faq__icon bde-faq__icon--inactive\">\n                                <svg xmlns=\"http:\/\/www.w3.org\/2000\/svg\" viewbox=\"0 0 32 32\">\r\n<path d=\"M31 12h-11v-11c0-0.552-0.448-1-1-1h-6c-0.552 0-1 0.448-1 1v11h-11c-0.552 0-1 0.448-1 1v6c0 0.552 0.448 1 1 1h11v11c0 0.552 0.448 1 1 1h6c0.552 0 1-0.448 1-1v-11h11c0.552 0 1-0.448 1-1v-6c0-0.552-0.448-1-1-1z\"\/>\r\n<\/svg>\n                            <\/div>\n         \t  <div aria-hidden=\"true\" class=\"bde-faq__icon bde-faq__icon--active\">\n                                <svg xmlns=\"http:\/\/www.w3.org\/2000\/svg\" viewbox=\"0 0 448 512\"><!-- Font Awesome Free 5.15.1 by @fontawesome - https:\/\/fontawesome.com License - https:\/\/fontawesome.com\/license\/free (Icons: CC BY 4.0, Fonts: SIL OFL 1.1, Code: MIT License) --><path d=\"M416 208H32c-17.67 0-32 14.33-32 32v32c0 17.67 14.33 32 32 32h384c17.67 0 32-14.33 32-32v-32c0-17.67-14.33-32-32-32z\"\/><\/svg>\n                            <\/div>\n                  <\/button>\n      <\/h3>\n      <div role=\"region\" aria-labelledby=\"bde-faq-107-button-6\" id=\"bde-faq-107-6\" class=\"bde-faq__answer\">\n        <div class=\"bde-faq__answer-content\">\n            <div class=\"breakdance-rich-text-styles\"><p style=\"font-weight: 400;\">W\u00e4hrend der Herstellung und des Einbrennens werden die Oberfl\u00e4chen mit Sonnenblumen\u00f6l und Schweineschmalz behandelt.<br \/>Material: Kohlenstoffstahl (Eisen).<\/p><\/div>\n\n                    <\/div>\n      <\/div>\n    <\/div>\n  \n<\/div><\/div>\n<\/section>","protected":false},"excerpt":{"rendered":"<p>How to use Seasoning (must be done outdoors) Before the first use, the Hungarian Cooking Dish MUST be seasoned!This applies to all new dishes. Exception: if you purchased a pre-seasoned (decorated) Hungarian Cooking Dish.Before seasoning, wash only the inside with soap or dishwashing liquid. Do not soak it and do not let water run into [&hellip;]<\/p>\n","protected":false},"author":1,"featured_media":0,"parent":0,"menu_order":0,"comment_status":"closed","ping_status":"closed","template":"","meta":{"_breakdance_hide_in_design_set":false,"_breakdance_tags":"","footnotes":""},"class_list":["post-146","page","type-page","status-publish","hentry"],"yoast_head":"<!-- This site is optimized with the Yoast SEO plugin v27.2 - https:\/\/yoast.com\/product\/yoast-seo-wordpress\/ -->\n<title>How to use - Hungarian Cooking Dish<\/title>\n<meta name=\"robots\" content=\"index, follow, max-snippet:-1, max-image-preview:large, max-video-preview:-1\" \/>\n<link rel=\"canonical\" href=\"https:\/\/hungariancookingdish.com\/de\/how-to-use\/\" \/>\n<meta property=\"og:locale\" content=\"de_DE\" \/>\n<meta property=\"og:type\" content=\"article\" \/>\n<meta property=\"og:title\" content=\"How to use - Hungarian Cooking Dish\" \/>\n<meta property=\"og:description\" content=\"How to use Seasoning (must be done outdoors) Before the first use, the Hungarian Cooking Dish MUST be seasoned!This applies to all new dishes. Exception: if you purchased a pre-seasoned (decorated) Hungarian Cooking Dish.Before seasoning, wash only the inside with soap or dishwashing liquid. Do not soak it and do not let water run into [&hellip;]\" \/>\n<meta property=\"og:url\" content=\"https:\/\/hungariancookingdish.com\/de\/how-to-use\/\" \/>\n<meta property=\"og:site_name\" content=\"Hungarian Cooking Dish\" \/>\n<meta property=\"article:modified_time\" content=\"2025-07-08T07:10:06+00:00\" \/>\n<meta name=\"twitter:card\" content=\"summary_large_image\" \/>\n<script type=\"application\/ld+json\" class=\"yoast-schema-graph\">{\"@context\":\"https:\/\/schema.org\",\"@graph\":[{\"@type\":\"WebPage\",\"@id\":\"https:\/\/hungariancookingdish.com\/how-to-use\/\",\"url\":\"https:\/\/hungariancookingdish.com\/how-to-use\/\",\"name\":\"How to use - Hungarian Cooking Dish\",\"isPartOf\":{\"@id\":\"https:\/\/hungariancookingdish.com\/#website\"},\"datePublished\":\"2025-06-03T15:06:48+00:00\",\"dateModified\":\"2025-07-08T07:10:06+00:00\",\"breadcrumb\":{\"@id\":\"https:\/\/hungariancookingdish.com\/how-to-use\/#breadcrumb\"},\"inLanguage\":\"de\",\"potentialAction\":[{\"@type\":\"ReadAction\",\"target\":[\"https:\/\/hungariancookingdish.com\/how-to-use\/\"]}]},{\"@type\":\"BreadcrumbList\",\"@id\":\"https:\/\/hungariancookingdish.com\/how-to-use\/#breadcrumb\",\"itemListElement\":[{\"@type\":\"ListItem\",\"position\":1,\"name\":\"Kezd\u0151lap\",\"item\":\"https:\/\/hungariancookingdish.com\/\"},{\"@type\":\"ListItem\",\"position\":2,\"name\":\"How to use\"}]},{\"@type\":\"WebSite\",\"@id\":\"https:\/\/hungariancookingdish.com\/#website\",\"url\":\"https:\/\/hungariancookingdish.com\/\",\"name\":\"Hungarian Cooking Dish\",\"description\":\"\",\"potentialAction\":[{\"@type\":\"SearchAction\",\"target\":{\"@type\":\"EntryPoint\",\"urlTemplate\":\"https:\/\/hungariancookingdish.com\/?s={search_term_string}\"},\"query-input\":{\"@type\":\"PropertyValueSpecification\",\"valueRequired\":true,\"valueName\":\"search_term_string\"}}],\"inLanguage\":\"de\"}]}<\/script>\n<!-- \/ Yoast SEO plugin. -->","yoast_head_json":{"title":"How to use - Hungarian Cooking Dish","robots":{"index":"index","follow":"follow","max-snippet":"max-snippet:-1","max-image-preview":"max-image-preview:large","max-video-preview":"max-video-preview:-1"},"canonical":"https:\/\/hungariancookingdish.com\/de\/how-to-use\/","og_locale":"de_DE","og_type":"article","og_title":"How to use - Hungarian Cooking Dish","og_description":"How to use Seasoning (must be done outdoors) Before the first use, the Hungarian Cooking Dish MUST be seasoned!This applies to all new dishes. Exception: if you purchased a pre-seasoned (decorated) Hungarian Cooking Dish.Before seasoning, wash only the inside with soap or dishwashing liquid. Do not soak it and do not let water run into [&hellip;]","og_url":"https:\/\/hungariancookingdish.com\/de\/how-to-use\/","og_site_name":"Hungarian Cooking Dish","article_modified_time":"2025-07-08T07:10:06+00:00","twitter_card":"summary_large_image","schema":{"@context":"https:\/\/schema.org","@graph":[{"@type":"WebPage","@id":"https:\/\/hungariancookingdish.com\/how-to-use\/","url":"https:\/\/hungariancookingdish.com\/how-to-use\/","name":"How to use - Hungarian Cooking Dish","isPartOf":{"@id":"https:\/\/hungariancookingdish.com\/#website"},"datePublished":"2025-06-03T15:06:48+00:00","dateModified":"2025-07-08T07:10:06+00:00","breadcrumb":{"@id":"https:\/\/hungariancookingdish.com\/how-to-use\/#breadcrumb"},"inLanguage":"de","potentialAction":[{"@type":"ReadAction","target":["https:\/\/hungariancookingdish.com\/how-to-use\/"]}]},{"@type":"BreadcrumbList","@id":"https:\/\/hungariancookingdish.com\/how-to-use\/#breadcrumb","itemListElement":[{"@type":"ListItem","position":1,"name":"Kezd\u0151lap","item":"https:\/\/hungariancookingdish.com\/"},{"@type":"ListItem","position":2,"name":"How to use"}]},{"@type":"WebSite","@id":"https:\/\/hungariancookingdish.com\/#website","url":"https:\/\/hungariancookingdish.com\/","name":"Hungarian Cooking Dish","description":"","potentialAction":[{"@type":"SearchAction","target":{"@type":"EntryPoint","urlTemplate":"https:\/\/hungariancookingdish.com\/?s={search_term_string}"},"query-input":{"@type":"PropertyValueSpecification","valueRequired":true,"valueName":"search_term_string"}}],"inLanguage":"de"}]}},"_links":{"self":[{"href":"https:\/\/hungariancookingdish.com\/de\/wp-json\/wp\/v2\/pages\/146","targetHints":{"allow":["GET"]}}],"collection":[{"href":"https:\/\/hungariancookingdish.com\/de\/wp-json\/wp\/v2\/pages"}],"about":[{"href":"https:\/\/hungariancookingdish.com\/de\/wp-json\/wp\/v2\/types\/page"}],"author":[{"embeddable":true,"href":"https:\/\/hungariancookingdish.com\/de\/wp-json\/wp\/v2\/users\/1"}],"replies":[{"embeddable":true,"href":"https:\/\/hungariancookingdish.com\/de\/wp-json\/wp\/v2\/comments?post=146"}],"version-history":[{"count":5,"href":"https:\/\/hungariancookingdish.com\/de\/wp-json\/wp\/v2\/pages\/146\/revisions"}],"predecessor-version":[{"id":416,"href":"https:\/\/hungariancookingdish.com\/de\/wp-json\/wp\/v2\/pages\/146\/revisions\/416"}],"wp:attachment":[{"href":"https:\/\/hungariancookingdish.com\/de\/wp-json\/wp\/v2\/media?parent=146"}],"curies":[{"name":"wp","href":"https:\/\/api.w.org\/{rel}","templated":true}]}}