{"id":393,"date":"2025-07-07T18:36:27","date_gmt":"2025-07-07T18:36:27","guid":{"rendered":"https:\/\/hungariancookingdish.com\/?page_id=393"},"modified":"2025-07-08T13:12:21","modified_gmt":"2025-07-08T13:12:21","slug":"accessories","status":"publish","type":"page","link":"https:\/\/hungariancookingdish.com\/de\/accessories\/","title":{"rendered":"Zubeh\u00f6r"},"content":{"rendered":"<section class=\"bde-section-393-100 bde-section\">\n              \n  \n  \n\t\n\n  <div class=\"section-background-overlay\"><\/div>\n\n\n<div class=\"section-container\"><h1 class=\"bde-heading-393-101 bde-heading\">\nZubeh\u00f6r\n<\/h1><div class=\"bde-div-393-102 bde-div\">\n  \n  \n\t\n\n\n\n<div class=\"bde-fancy-divider-393-103 bde-fancy-divider\">\n\n\n<div class=\"bde-fancy-divider__wrapper\">\n  <div class=\"bde-fancy-divider__separator\">\n  \t  <\/div>\n<\/div>\n\n<\/div><div class=\"bde-fancy-divider-393-104 bde-fancy-divider\">\n\n\n<div class=\"bde-fancy-divider__wrapper\">\n  <div class=\"bde-fancy-divider__separator\">\n  \t  <\/div>\n<\/div>\n\n<\/div><div class=\"bde-fancy-divider-393-105 bde-fancy-divider\">\n\n\n<div class=\"bde-fancy-divider__wrapper\">\n  <div class=\"bde-fancy-divider__separator\">\n  \t  <\/div>\n<\/div>\n\n<\/div>\n<\/div><\/div>\n<\/section><section class=\"bde-section-393-106 bde-section\">\n  \n  \n\t\n\n\n\n<div class=\"section-container\"><div class=\"bde-grid-393-110 bde-grid\">\n  \n  \n\t\n\n\n\n<div class=\"bde-div-393-115 bde-div\">\n  \n  \n\t\n\n\n\n<img decoding=\"async\" class=\"bde-image2-393-116 bde-image2\" src=\"https:\/\/hungariancookingdish.com\/wp-content\/uploads\/2025\/07\/HungarianCookingDish-Detachable-version.jpg\" loading=\"lazy\" srcset=\"https:\/\/hungariancookingdish.com\/wp-content\/uploads\/2025\/07\/HungarianCookingDish-Detachable-version.jpg 960w, https:\/\/hungariancookingdish.com\/wp-content\/uploads\/2025\/07\/HungarianCookingDish-Detachable-version-300x212.jpg 300w, https:\/\/hungariancookingdish.com\/wp-content\/uploads\/2025\/07\/HungarianCookingDish-Detachable-version-768x543.jpg 768w, https:\/\/hungariancookingdish.com\/wp-content\/uploads\/2025\/07\/HungarianCookingDish-Detachable-version-18x12.jpg 18w, https:\/\/hungariancookingdish.com\/wp-content\/uploads\/2025\/07\/HungarianCookingDish-Detachable-version-60x42.jpg 60w, https:\/\/hungariancookingdish.com\/wp-content\/uploads\/2025\/07\/HungarianCookingDish-Detachable-version-600x424.jpg 600w\" sizes=\"(max-width: 960px) 100vw, 960px\"><h3 class=\"bde-heading-393-117 bde-heading\">\nZweiteilig zerlegbare Variante\n<\/h3><div class=\"bde-text-393-133 bde-text\">\nDiese Ausf\u00fchrung besteht aus zwei Teilen \u2013 ideal zum Servieren oder leichteren Verstauen.<br><br>\n<\/div>\n<\/div><div class=\"bde-div-393-118 bde-div\">\n  \n  \n\t\n\n\n\n<img decoding=\"async\" class=\"bde-image2-393-119 bde-image2\" src=\"https:\/\/hungariancookingdish.com\/wp-content\/uploads\/2025\/07\/HungarianCookingDish-Custom-nameplate.jpg\" loading=\"lazy\" srcset=\"https:\/\/hungariancookingdish.com\/wp-content\/uploads\/2025\/07\/HungarianCookingDish-Custom-nameplate.jpg 960w, https:\/\/hungariancookingdish.com\/wp-content\/uploads\/2025\/07\/HungarianCookingDish-Custom-nameplate-300x300.jpg 300w, https:\/\/hungariancookingdish.com\/wp-content\/uploads\/2025\/07\/HungarianCookingDish-Custom-nameplate-150x150.jpg 150w, https:\/\/hungariancookingdish.com\/wp-content\/uploads\/2025\/07\/HungarianCookingDish-Custom-nameplate-768x769.jpg 768w, https:\/\/hungariancookingdish.com\/wp-content\/uploads\/2025\/07\/HungarianCookingDish-Custom-nameplate-12x12.jpg 12w, https:\/\/hungariancookingdish.com\/wp-content\/uploads\/2025\/07\/HungarianCookingDish-Custom-nameplate-60x60.jpg 60w, https:\/\/hungariancookingdish.com\/wp-content\/uploads\/2025\/07\/HungarianCookingDish-Custom-nameplate-600x601.jpg 600w\" sizes=\"(max-width: 960px) 100vw, 960px\"><h3 class=\"bde-heading-393-120 bde-heading\">\nNamensschild mit pers\u00f6nlicher Gravur\n<\/h3><div class=\"bde-text-393-134 bde-text\">\nMach den Hungarian Cooking Dish zu etwas ganz Pers\u00f6nlichem \u2013 mit einer netten Botschaft. Zum Beispiel: ALLES GUTE ZUM 60. GEBURTSTAG, PAPA!<br>\n<\/div>\n<\/div><div class=\"bde-div-393-121 bde-div\">\n  \n  \n\t\n\n\n\n<img decoding=\"async\" class=\"bde-image2-393-122 bde-image2\" src=\"https:\/\/hungariancookingdish.com\/wp-content\/uploads\/2025\/07\/HungarianCookingDish-Monogrammed-handle.jpg\" loading=\"lazy\" srcset=\"https:\/\/hungariancookingdish.com\/wp-content\/uploads\/2025\/07\/HungarianCookingDish-Monogrammed-handle.jpg 960w, https:\/\/hungariancookingdish.com\/wp-content\/uploads\/2025\/07\/HungarianCookingDish-Monogrammed-handle-276x300.jpg 276w, https:\/\/hungariancookingdish.com\/wp-content\/uploads\/2025\/07\/HungarianCookingDish-Monogrammed-handle-942x1024.jpg 942w, https:\/\/hungariancookingdish.com\/wp-content\/uploads\/2025\/07\/HungarianCookingDish-Monogrammed-handle-768x835.jpg 768w, https:\/\/hungariancookingdish.com\/wp-content\/uploads\/2025\/07\/HungarianCookingDish-Monogrammed-handle-11x12.jpg 11w, https:\/\/hungariancookingdish.com\/wp-content\/uploads\/2025\/07\/HungarianCookingDish-Monogrammed-handle-60x65.jpg 60w, https:\/\/hungariancookingdish.com\/wp-content\/uploads\/2025\/07\/HungarianCookingDish-Monogrammed-handle-600x653.jpg 600w\" sizes=\"(max-width: 960px) 100vw, 960px\"><h3 class=\"bde-heading-393-123 bde-heading\">\nGriff mit Monogramm\n<\/h3><div class=\"bde-text-393-135 bde-text\">\nDer Anfangsbuchstabe des Besitzers wird als kleines Schmuckdetail am Griff angebracht.\n<\/div>\n<\/div><div class=\"bde-div-393-124 bde-div\">\n  \n  \n\t\n\n\n\n<img decoding=\"async\" class=\"bde-image2-393-125 bde-image2\" src=\"https:\/\/hungariancookingdish.com\/wp-content\/uploads\/2025\/07\/HungarianCookingDish-Inner-rack.jpg\" loading=\"lazy\" srcset=\"https:\/\/hungariancookingdish.com\/wp-content\/uploads\/2025\/07\/HungarianCookingDish-Inner-rack.jpg 960w, https:\/\/hungariancookingdish.com\/wp-content\/uploads\/2025\/07\/HungarianCookingDish-Inner-rack-300x280.jpg 300w, https:\/\/hungariancookingdish.com\/wp-content\/uploads\/2025\/07\/HungarianCookingDish-Inner-rack-768x716.jpg 768w, https:\/\/hungariancookingdish.com\/wp-content\/uploads\/2025\/07\/HungarianCookingDish-Inner-rack-13x12.jpg 13w, https:\/\/hungariancookingdish.com\/wp-content\/uploads\/2025\/07\/HungarianCookingDish-Inner-rack-60x56.jpg 60w, https:\/\/hungariancookingdish.com\/wp-content\/uploads\/2025\/07\/HungarianCookingDish-Inner-rack-600x559.jpg 600w\" sizes=\"(max-width: 960px) 100vw, 960px\"><h3 class=\"bde-heading-393-126 bde-heading\">\nR\u00e4ucherrost f\u00fcr Fisch\n<\/h3><div class=\"bde-text-393-137 bde-text\">\nFisch l\u00e4sst sich auf dem Rost im Diszkosz wunderbar r\u00e4uchern. Eine genaue Anleitung findest du bei den Rezepten\n<\/div>\n<\/div><div class=\"bde-div-393-127 bde-div\">\n  \n  \n\t\n\n\n\n<img decoding=\"async\" class=\"bde-image2-393-128 bde-image2\" src=\"https:\/\/hungariancookingdish.com\/wp-content\/uploads\/2025\/07\/HungarianCookingDish-Lifting-iron-for-the-cooking-dish.jpg\" loading=\"lazy\" srcset=\"https:\/\/hungariancookingdish.com\/wp-content\/uploads\/2025\/07\/HungarianCookingDish-Lifting-iron-for-the-cooking-dish.jpg 1600w, https:\/\/hungariancookingdish.com\/wp-content\/uploads\/2025\/07\/HungarianCookingDish-Lifting-iron-for-the-cooking-dish-300x200.jpg 300w, https:\/\/hungariancookingdish.com\/wp-content\/uploads\/2025\/07\/HungarianCookingDish-Lifting-iron-for-the-cooking-dish-1024x683.jpg 1024w, https:\/\/hungariancookingdish.com\/wp-content\/uploads\/2025\/07\/HungarianCookingDish-Lifting-iron-for-the-cooking-dish-768x512.jpg 768w, https:\/\/hungariancookingdish.com\/wp-content\/uploads\/2025\/07\/HungarianCookingDish-Lifting-iron-for-the-cooking-dish-1536x1024.jpg 1536w, https:\/\/hungariancookingdish.com\/wp-content\/uploads\/2025\/07\/HungarianCookingDish-Lifting-iron-for-the-cooking-dish-18x12.jpg 18w, https:\/\/hungariancookingdish.com\/wp-content\/uploads\/2025\/07\/HungarianCookingDish-Lifting-iron-for-the-cooking-dish-60x40.jpg 60w, https:\/\/hungariancookingdish.com\/wp-content\/uploads\/2025\/07\/HungarianCookingDish-Lifting-iron-for-the-cooking-dish-600x400.jpg 600w\" sizes=\"(max-width: 1600px) 100vw, 1600px\"><h3 class=\"bde-heading-393-129 bde-heading\">\nHebeeisen f\u00fcr den S\u00fct\u0151diszkosz\n<\/h3><div class=\"bde-text-393-136 bde-text\">\nDamit l\u00e4sst sich das Gef\u00e4\u00df ganz einfach aus der Glut heben \u2013 sicher und bequem\n<\/div>\n<\/div>\n<\/div><\/div>\n<\/section>","protected":false},"excerpt":{"rendered":"<p>Accessories Detachable version This version comes in two separate parts \u2013 easier to place on the table and to store. Custom nameplate Make your Hungarian Cooking Dish truly personal with a heartfelt message. For example: HAPPY 60TH BIRTHDAY, DAD! Monogrammed handle The first letter of the owner&#8217;s name is engraved on the handle \u2013 a [&hellip;]<\/p>\n","protected":false},"author":1,"featured_media":0,"parent":0,"menu_order":0,"comment_status":"closed","ping_status":"closed","template":"","meta":{"_breakdance_hide_in_design_set":false,"_breakdance_tags":"","footnotes":""},"class_list":["post-393","page","type-page","status-publish","hentry"],"yoast_head":"<!-- This site is optimized with the Yoast SEO plugin v27.2 - https:\/\/yoast.com\/product\/yoast-seo-wordpress\/ -->\n<title>Accessories - Hungarian Cooking Dish<\/title>\n<meta name=\"robots\" content=\"index, follow, max-snippet:-1, max-image-preview:large, max-video-preview:-1\" \/>\n<link rel=\"canonical\" href=\"https:\/\/hungariancookingdish.com\/de\/accessories\/\" \/>\n<meta property=\"og:locale\" content=\"de_DE\" \/>\n<meta property=\"og:type\" content=\"article\" \/>\n<meta property=\"og:title\" content=\"Accessories - Hungarian Cooking Dish\" \/>\n<meta property=\"og:description\" content=\"Accessories Detachable version This version comes in two separate parts \u2013 easier to place on the table and to store. Custom nameplate Make your Hungarian Cooking Dish truly personal with a heartfelt message. For example: HAPPY 60TH BIRTHDAY, DAD! Monogrammed handle The first letter of the owner&#039;s name is engraved on the handle \u2013 a [&hellip;]\" \/>\n<meta property=\"og:url\" content=\"https:\/\/hungariancookingdish.com\/de\/accessories\/\" \/>\n<meta property=\"og:site_name\" content=\"Hungarian Cooking Dish\" \/>\n<meta property=\"article:modified_time\" content=\"2025-07-08T13:12:21+00:00\" \/>\n<meta name=\"twitter:card\" content=\"summary_large_image\" \/>\n<script type=\"application\/ld+json\" class=\"yoast-schema-graph\">{\"@context\":\"https:\/\/schema.org\",\"@graph\":[{\"@type\":\"WebPage\",\"@id\":\"https:\/\/hungariancookingdish.com\/accessories\/\",\"url\":\"https:\/\/hungariancookingdish.com\/accessories\/\",\"name\":\"Accessories - Hungarian Cooking Dish\",\"isPartOf\":{\"@id\":\"https:\/\/hungariancookingdish.com\/#website\"},\"datePublished\":\"2025-07-07T18:36:27+00:00\",\"dateModified\":\"2025-07-08T13:12:21+00:00\",\"breadcrumb\":{\"@id\":\"https:\/\/hungariancookingdish.com\/accessories\/#breadcrumb\"},\"inLanguage\":\"de\",\"potentialAction\":[{\"@type\":\"ReadAction\",\"target\":[\"https:\/\/hungariancookingdish.com\/accessories\/\"]}]},{\"@type\":\"BreadcrumbList\",\"@id\":\"https:\/\/hungariancookingdish.com\/accessories\/#breadcrumb\",\"itemListElement\":[{\"@type\":\"ListItem\",\"position\":1,\"name\":\"Kezd\u0151lap\",\"item\":\"https:\/\/hungariancookingdish.com\/\"},{\"@type\":\"ListItem\",\"position\":2,\"name\":\"Accessories\"}]},{\"@type\":\"WebSite\",\"@id\":\"https:\/\/hungariancookingdish.com\/#website\",\"url\":\"https:\/\/hungariancookingdish.com\/\",\"name\":\"Hungarian Cooking Dish\",\"description\":\"\",\"potentialAction\":[{\"@type\":\"SearchAction\",\"target\":{\"@type\":\"EntryPoint\",\"urlTemplate\":\"https:\/\/hungariancookingdish.com\/?s={search_term_string}\"},\"query-input\":{\"@type\":\"PropertyValueSpecification\",\"valueRequired\":true,\"valueName\":\"search_term_string\"}}],\"inLanguage\":\"de\"}]}<\/script>\n<!-- \/ Yoast SEO plugin. -->","yoast_head_json":{"title":"Accessories - Hungarian Cooking Dish","robots":{"index":"index","follow":"follow","max-snippet":"max-snippet:-1","max-image-preview":"max-image-preview:large","max-video-preview":"max-video-preview:-1"},"canonical":"https:\/\/hungariancookingdish.com\/de\/accessories\/","og_locale":"de_DE","og_type":"article","og_title":"Accessories - Hungarian Cooking Dish","og_description":"Accessories Detachable version This version comes in two separate parts \u2013 easier to place on the table and to store. Custom nameplate Make your Hungarian Cooking Dish truly personal with a heartfelt message. For example: HAPPY 60TH BIRTHDAY, DAD! Monogrammed handle The first letter of the owner's name is engraved on the handle \u2013 a [&hellip;]","og_url":"https:\/\/hungariancookingdish.com\/de\/accessories\/","og_site_name":"Hungarian Cooking Dish","article_modified_time":"2025-07-08T13:12:21+00:00","twitter_card":"summary_large_image","schema":{"@context":"https:\/\/schema.org","@graph":[{"@type":"WebPage","@id":"https:\/\/hungariancookingdish.com\/accessories\/","url":"https:\/\/hungariancookingdish.com\/accessories\/","name":"Accessories - Hungarian Cooking Dish","isPartOf":{"@id":"https:\/\/hungariancookingdish.com\/#website"},"datePublished":"2025-07-07T18:36:27+00:00","dateModified":"2025-07-08T13:12:21+00:00","breadcrumb":{"@id":"https:\/\/hungariancookingdish.com\/accessories\/#breadcrumb"},"inLanguage":"de","potentialAction":[{"@type":"ReadAction","target":["https:\/\/hungariancookingdish.com\/accessories\/"]}]},{"@type":"BreadcrumbList","@id":"https:\/\/hungariancookingdish.com\/accessories\/#breadcrumb","itemListElement":[{"@type":"ListItem","position":1,"name":"Kezd\u0151lap","item":"https:\/\/hungariancookingdish.com\/"},{"@type":"ListItem","position":2,"name":"Accessories"}]},{"@type":"WebSite","@id":"https:\/\/hungariancookingdish.com\/#website","url":"https:\/\/hungariancookingdish.com\/","name":"Hungarian Cooking Dish","description":"","potentialAction":[{"@type":"SearchAction","target":{"@type":"EntryPoint","urlTemplate":"https:\/\/hungariancookingdish.com\/?s={search_term_string}"},"query-input":{"@type":"PropertyValueSpecification","valueRequired":true,"valueName":"search_term_string"}}],"inLanguage":"de"}]}},"_links":{"self":[{"href":"https:\/\/hungariancookingdish.com\/de\/wp-json\/wp\/v2\/pages\/393","targetHints":{"allow":["GET"]}}],"collection":[{"href":"https:\/\/hungariancookingdish.com\/de\/wp-json\/wp\/v2\/pages"}],"about":[{"href":"https:\/\/hungariancookingdish.com\/de\/wp-json\/wp\/v2\/types\/page"}],"author":[{"embeddable":true,"href":"https:\/\/hungariancookingdish.com\/de\/wp-json\/wp\/v2\/users\/1"}],"replies":[{"embeddable":true,"href":"https:\/\/hungariancookingdish.com\/de\/wp-json\/wp\/v2\/comments?post=393"}],"version-history":[{"count":8,"href":"https:\/\/hungariancookingdish.com\/de\/wp-json\/wp\/v2\/pages\/393\/revisions"}],"predecessor-version":[{"id":427,"href":"https:\/\/hungariancookingdish.com\/de\/wp-json\/wp\/v2\/pages\/393\/revisions\/427"}],"wp:attachment":[{"href":"https:\/\/hungariancookingdish.com\/de\/wp-json\/wp\/v2\/media?parent=393"}],"curies":[{"name":"wp","href":"https:\/\/api.w.org\/{rel}","templated":true}]}}