{"id":201,"date":"2025-06-05T14:03:31","date_gmt":"2025-06-05T14:03:31","guid":{"rendered":"https:\/\/hungariancookingdish.com\/?post_type=product&#038;p=201"},"modified":"2025-09-08T15:49:22","modified_gmt":"2025-09-08T15:49:22","slug":"decorated-hungarian-cooking-dish-tulip-with-copper-detail","status":"publish","type":"product","link":"https:\/\/hungariancookingdish.com\/de\/termek\/decorated-hungarian-cooking-dish-tulip-with-copper-detail\/","title":{"rendered":"Dekorierte Hungarian Cooking Dish - Tulpe (mit Kupferakzent)"},"content":{"rendered":"<p>Diese verzierten Hungarian Cooking Dish-Modelle sind hochwertige, geschmackvolle Geschenkartikel<\/p>\n<p>Inspiriert wurden sie von der traditionellen ungarischen Formensprache und Handwerkskunst.<\/p>\n<p>&nbsp;<\/p>\n<p>Wenn du es noch pers\u00f6nlicher gestalten m\u00f6chtest, kannst du Zusatzoptionen w\u00e4hlen \u2013 z.\u202fB. ein Namensschild oder einen individuellen Griff.<\/p>\n<p>&nbsp;<\/p>\n<p>Jede Hungarian Cooking Dish ist einsatzbereit und eingebrannt \u2013 der oder die Beschenkte muss nur noch das gemeinsame Kocherlebnis genie\u00dfen.<\/p>\n<p>&nbsp;<\/p>\n<p>Material: Kohlenstoffstahl (naturbelassener Stahl), eingebrannt.<\/p>\n<p>&nbsp;<\/p>\n<p>Die Hungarian Cooking Dish ist eine moderne Version eines traditionellen ungarischen Garger\u00e4ts.<\/p>\n<p>Sie bewahrt den vollen Geschmack und die Aromen deiner Speisen<\/p>\n<p>Du kannst sie \u00fcber Glut oder im Backofen verwenden.<\/p>\n<p>&nbsp;<\/p>\n<p>Unsere dekorierten Hungarian Cooking Dish-Modelle sind bereits eingebrannt \u2013 du kannst sie sofort benutzen.<\/p>","protected":false},"excerpt":{"rendered":"<p>Herstellungszeit: ca. 2 Wochen<\/p>","protected":false},"featured_media":451,"comment_status":"open","ping_status":"closed","template":"","meta":[],"product_brand":[],"product_cat":[22],"product_tag":[],"class_list":{"0":"post-201","1":"product","2":"type-product","3":"status-publish","4":"has-post-thumbnail","6":"product_cat-decorative","8":"first","9":"instock","10":"taxable","11":"shipping-taxable","12":"purchasable","13":"product-type-variable"},"yoast_head":"<!-- This site is optimized with the Yoast SEO plugin v27.2 - https:\/\/yoast.com\/product\/yoast-seo-wordpress\/ -->\n<title>Decorated Hungarian Cooking Dish - Tulip (with copper detail) - Hungarian Cooking Dish<\/title>\n<meta name=\"robots\" content=\"index, follow, max-snippet:-1, max-image-preview:large, max-video-preview:-1\" \/>\n<link rel=\"canonical\" href=\"https:\/\/hungariancookingdish.com\/de\/termek\/decorated-hungarian-cooking-dish-tulip-with-copper-detail\/\" \/>\n<meta property=\"og:locale\" content=\"de_DE\" \/>\n<meta property=\"og:type\" content=\"article\" \/>\n<meta property=\"og:title\" content=\"Decorated Hungarian Cooking Dish - Tulip (with copper detail) - Hungarian Cooking Dish\" \/>\n<meta property=\"og:description\" content=\"Production time: approx. 2 weeks\" \/>\n<meta property=\"og:url\" content=\"https:\/\/hungariancookingdish.com\/de\/termek\/decorated-hungarian-cooking-dish-tulip-with-copper-detail\/\" \/>\n<meta property=\"og:site_name\" content=\"Hungarian Cooking Dish\" \/>\n<meta property=\"article:modified_time\" content=\"2025-09-08T15:49:22+00:00\" \/>\n<meta property=\"og:image\" content=\"https:\/\/hungariancookingdish.com\/wp-content\/uploads\/2025\/06\/sutodiszkosz-Decorated-Hungarian-Cooking-Dish-Tulip-with-copper-detail-2025-.png\" \/>\n\t<meta property=\"og:image:width\" content=\"1000\" \/>\n\t<meta property=\"og:image:height\" content=\"1000\" \/>\n\t<meta property=\"og:image:type\" content=\"image\/png\" \/>\n<meta name=\"twitter:card\" content=\"summary_large_image\" \/>\n<meta name=\"twitter:label1\" content=\"Gesch\u00e4tzte Lesezeit\" \/>\n\t<meta name=\"twitter:data1\" content=\"1\u00a0Minute\" \/>\n<script type=\"application\/ld+json\" class=\"yoast-schema-graph\">{\"@context\":\"https:\/\/schema.org\",\"@graph\":[{\"@type\":\"WebPage\",\"@id\":\"https:\/\/hungariancookingdish.com\/termek\/decorated-hungarian-cooking-dish-tulip-with-copper-detail\/\",\"url\":\"https:\/\/hungariancookingdish.com\/termek\/decorated-hungarian-cooking-dish-tulip-with-copper-detail\/\",\"name\":\"Decorated Hungarian Cooking Dish - Tulip (with copper detail) - Hungarian Cooking Dish\",\"isPartOf\":{\"@id\":\"https:\/\/hungariancookingdish.com\/#website\"},\"primaryImageOfPage\":{\"@id\":\"https:\/\/hungariancookingdish.com\/termek\/decorated-hungarian-cooking-dish-tulip-with-copper-detail\/#primaryimage\"},\"image\":{\"@id\":\"https:\/\/hungariancookingdish.com\/termek\/decorated-hungarian-cooking-dish-tulip-with-copper-detail\/#primaryimage\"},\"thumbnailUrl\":\"https:\/\/hungariancookingdish.com\/wp-content\/uploads\/2025\/06\/sutodiszkosz-Decorated-Hungarian-Cooking-Dish-Tulip-with-copper-detail-2025-.png\",\"datePublished\":\"2025-06-05T14:03:31+00:00\",\"dateModified\":\"2025-09-08T15:49:22+00:00\",\"breadcrumb\":{\"@id\":\"https:\/\/hungariancookingdish.com\/termek\/decorated-hungarian-cooking-dish-tulip-with-copper-detail\/#breadcrumb\"},\"inLanguage\":\"de\",\"potentialAction\":[{\"@type\":\"ReadAction\",\"target\":[\"https:\/\/hungariancookingdish.com\/termek\/decorated-hungarian-cooking-dish-tulip-with-copper-detail\/\"]}]},{\"@type\":\"ImageObject\",\"inLanguage\":\"de\",\"@id\":\"https:\/\/hungariancookingdish.com\/termek\/decorated-hungarian-cooking-dish-tulip-with-copper-detail\/#primaryimage\",\"url\":\"https:\/\/hungariancookingdish.com\/wp-content\/uploads\/2025\/06\/sutodiszkosz-Decorated-Hungarian-Cooking-Dish-Tulip-with-copper-detail-2025-.png\",\"contentUrl\":\"https:\/\/hungariancookingdish.com\/wp-content\/uploads\/2025\/06\/sutodiszkosz-Decorated-Hungarian-Cooking-Dish-Tulip-with-copper-detail-2025-.png\",\"width\":1000,\"height\":1000},{\"@type\":\"BreadcrumbList\",\"@id\":\"https:\/\/hungariancookingdish.com\/termek\/decorated-hungarian-cooking-dish-tulip-with-copper-detail\/#breadcrumb\",\"itemListElement\":[{\"@type\":\"ListItem\",\"position\":1,\"name\":\"Kezd\u0151lap\",\"item\":\"https:\/\/hungariancookingdish.com\/\"},{\"@type\":\"ListItem\",\"position\":2,\"name\":\"\u00dczlet\",\"item\":\"https:\/\/hungariancookingdish.com\/uzlet\/\"},{\"@type\":\"ListItem\",\"position\":3,\"name\":\"Decorated Hungarian Cooking Dish &#8211; Tulip (with copper detail)\"}]},{\"@type\":\"WebSite\",\"@id\":\"https:\/\/hungariancookingdish.com\/#website\",\"url\":\"https:\/\/hungariancookingdish.com\/\",\"name\":\"Hungarian Cooking Dish\",\"description\":\"\",\"potentialAction\":[{\"@type\":\"SearchAction\",\"target\":{\"@type\":\"EntryPoint\",\"urlTemplate\":\"https:\/\/hungariancookingdish.com\/?s={search_term_string}\"},\"query-input\":{\"@type\":\"PropertyValueSpecification\",\"valueRequired\":true,\"valueName\":\"search_term_string\"}}],\"inLanguage\":\"de\"}]}<\/script>\n<!-- \/ Yoast SEO plugin. -->","yoast_head_json":{"title":"Decorated Hungarian Cooking Dish - Tulip (with copper detail) - Hungarian Cooking Dish","robots":{"index":"index","follow":"follow","max-snippet":"max-snippet:-1","max-image-preview":"max-image-preview:large","max-video-preview":"max-video-preview:-1"},"canonical":"https:\/\/hungariancookingdish.com\/de\/termek\/decorated-hungarian-cooking-dish-tulip-with-copper-detail\/","og_locale":"de_DE","og_type":"article","og_title":"Decorated Hungarian Cooking Dish - Tulip (with copper detail) - Hungarian Cooking Dish","og_description":"Production time: approx. 2 weeks","og_url":"https:\/\/hungariancookingdish.com\/de\/termek\/decorated-hungarian-cooking-dish-tulip-with-copper-detail\/","og_site_name":"Hungarian Cooking Dish","article_modified_time":"2025-09-08T15:49:22+00:00","og_image":[{"width":1000,"height":1000,"url":"https:\/\/hungariancookingdish.com\/wp-content\/uploads\/2025\/06\/sutodiszkosz-Decorated-Hungarian-Cooking-Dish-Tulip-with-copper-detail-2025-.png","type":"image\/png"}],"twitter_card":"summary_large_image","twitter_misc":{"Gesch\u00e4tzte Lesezeit":"1\u00a0Minute"},"schema":{"@context":"https:\/\/schema.org","@graph":[{"@type":"WebPage","@id":"https:\/\/hungariancookingdish.com\/termek\/decorated-hungarian-cooking-dish-tulip-with-copper-detail\/","url":"https:\/\/hungariancookingdish.com\/termek\/decorated-hungarian-cooking-dish-tulip-with-copper-detail\/","name":"Decorated Hungarian Cooking Dish - Tulip (with copper detail) - Hungarian Cooking Dish","isPartOf":{"@id":"https:\/\/hungariancookingdish.com\/#website"},"primaryImageOfPage":{"@id":"https:\/\/hungariancookingdish.com\/termek\/decorated-hungarian-cooking-dish-tulip-with-copper-detail\/#primaryimage"},"image":{"@id":"https:\/\/hungariancookingdish.com\/termek\/decorated-hungarian-cooking-dish-tulip-with-copper-detail\/#primaryimage"},"thumbnailUrl":"https:\/\/hungariancookingdish.com\/wp-content\/uploads\/2025\/06\/sutodiszkosz-Decorated-Hungarian-Cooking-Dish-Tulip-with-copper-detail-2025-.png","datePublished":"2025-06-05T14:03:31+00:00","dateModified":"2025-09-08T15:49:22+00:00","breadcrumb":{"@id":"https:\/\/hungariancookingdish.com\/termek\/decorated-hungarian-cooking-dish-tulip-with-copper-detail\/#breadcrumb"},"inLanguage":"de","potentialAction":[{"@type":"ReadAction","target":["https:\/\/hungariancookingdish.com\/termek\/decorated-hungarian-cooking-dish-tulip-with-copper-detail\/"]}]},{"@type":"ImageObject","inLanguage":"de","@id":"https:\/\/hungariancookingdish.com\/termek\/decorated-hungarian-cooking-dish-tulip-with-copper-detail\/#primaryimage","url":"https:\/\/hungariancookingdish.com\/wp-content\/uploads\/2025\/06\/sutodiszkosz-Decorated-Hungarian-Cooking-Dish-Tulip-with-copper-detail-2025-.png","contentUrl":"https:\/\/hungariancookingdish.com\/wp-content\/uploads\/2025\/06\/sutodiszkosz-Decorated-Hungarian-Cooking-Dish-Tulip-with-copper-detail-2025-.png","width":1000,"height":1000},{"@type":"BreadcrumbList","@id":"https:\/\/hungariancookingdish.com\/termek\/decorated-hungarian-cooking-dish-tulip-with-copper-detail\/#breadcrumb","itemListElement":[{"@type":"ListItem","position":1,"name":"Kezd\u0151lap","item":"https:\/\/hungariancookingdish.com\/"},{"@type":"ListItem","position":2,"name":"\u00dczlet","item":"https:\/\/hungariancookingdish.com\/uzlet\/"},{"@type":"ListItem","position":3,"name":"Decorated Hungarian Cooking Dish &#8211; Tulip (with copper detail)"}]},{"@type":"WebSite","@id":"https:\/\/hungariancookingdish.com\/#website","url":"https:\/\/hungariancookingdish.com\/","name":"Hungarian Cooking Dish","description":"","potentialAction":[{"@type":"SearchAction","target":{"@type":"EntryPoint","urlTemplate":"https:\/\/hungariancookingdish.com\/?s={search_term_string}"},"query-input":{"@type":"PropertyValueSpecification","valueRequired":true,"valueName":"search_term_string"}}],"inLanguage":"de"}]}},"_links":{"self":[{"href":"https:\/\/hungariancookingdish.com\/de\/wp-json\/wp\/v2\/product\/201","targetHints":{"allow":["GET"]}}],"collection":[{"href":"https:\/\/hungariancookingdish.com\/de\/wp-json\/wp\/v2\/product"}],"about":[{"href":"https:\/\/hungariancookingdish.com\/de\/wp-json\/wp\/v2\/types\/product"}],"replies":[{"embeddable":true,"href":"https:\/\/hungariancookingdish.com\/de\/wp-json\/wp\/v2\/comments?post=201"}],"wp:featuredmedia":[{"embeddable":true,"href":"https:\/\/hungariancookingdish.com\/de\/wp-json\/wp\/v2\/media\/451"}],"wp:attachment":[{"href":"https:\/\/hungariancookingdish.com\/de\/wp-json\/wp\/v2\/media?parent=201"}],"wp:term":[{"taxonomy":"product_brand","embeddable":true,"href":"https:\/\/hungariancookingdish.com\/de\/wp-json\/wp\/v2\/product_brand?post=201"},{"taxonomy":"product_cat","embeddable":true,"href":"https:\/\/hungariancookingdish.com\/de\/wp-json\/wp\/v2\/product_cat?post=201"},{"taxonomy":"product_tag","embeddable":true,"href":"https:\/\/hungariancookingdish.com\/de\/wp-json\/wp\/v2\/product_tag?post=201"}],"curies":[{"name":"wp","href":"https:\/\/api.w.org\/{rel}","templated":true}]}}